{"id":78,"date":"2025-12-28T23:08:37","date_gmt":"2025-12-28T22:08:37","guid":{"rendered":"https:\/\/www.jpvong.com\/?page_id=78"},"modified":"2026-01-04T01:03:05","modified_gmt":"2026-01-04T00:03:05","slug":"les-gardiens-du-seuil","status":"publish","type":"page","link":"https:\/\/www.jpvong.com\/index.php\/les-gardiens-du-seuil\/","title":{"rendered":"Les gardiens du Seuil"},"content":{"rendered":"\t\t<div data-elementor-type=\"wp-page\" data-elementor-id=\"78\" class=\"elementor elementor-78\">\n\t\t\t\t<div class=\"elementor-element elementor-element-385abc0 e-grid e-con-boxed e-con e-parent\" data-id=\"385abc0\" data-element_type=\"container\">\n\t\t\t\t\t<div class=\"e-con-inner\">\n\t\t\t\t<div class=\"elementor-element elementor-element-80378a9 elementor-widget elementor-widget-image\" data-id=\"80378a9\" data-element_type=\"widget\" data-widget_type=\"image.default\">\n\t\t\t\t<div class=\"elementor-widget-container\">\n\t\t\t\t\t\t\t\t\t\t\t\t<figure class=\"wp-caption\">\n\t\t\t\t\t\t\t\t\t\t\t<a href=\"https:\/\/www.jpvong.com\/wp-content\/uploads\/2025\/12\/vong-anges-sentinelles-light.webp\" data-elementor-open-lightbox=\"yes\" data-elementor-lightbox-title=\"vong anges sentinelles light\" data-e-action-hash=\"#elementor-action%3Aaction%3Dlightbox%26settings%3DeyJpZCI6MTE1LCJ1cmwiOiJodHRwczpcL1wvd3d3Lmpwdm9uZy5jb21cL3dwLWNvbnRlbnRcL3VwbG9hZHNcLzIwMjVcLzEyXC92b25nLWFuZ2VzLXNlbnRpbmVsbGVzLWxpZ2h0LndlYnAifQ%3D%3D\">\n\t\t\t\t\t\t\t<img fetchpriority=\"high\" decoding=\"async\" width=\"827\" height=\"649\" src=\"https:\/\/www.jpvong.com\/wp-content\/uploads\/2025\/12\/vong-anges-sentinelles-light.webp\" class=\"attachment-large size-large wp-image-115\" alt=\"\" srcset=\"https:\/\/www.jpvong.com\/wp-content\/uploads\/2025\/12\/vong-anges-sentinelles-light.webp 827w, https:\/\/www.jpvong.com\/wp-content\/uploads\/2025\/12\/vong-anges-sentinelles-light-300x235.webp 300w, https:\/\/www.jpvong.com\/wp-content\/uploads\/2025\/12\/vong-anges-sentinelles-light-768x603.webp 768w\" sizes=\"(max-width: 827px) 100vw, 827px\" \/>\t\t\t\t\t\t\t\t<\/a>\n\t\t\t\t\t\t\t\t\t\t\t<figcaption class=\"widget-image-caption wp-caption-text\">Mise en sc\u00e8ne des Gardiens du Seuil 220cm <\/figcaption>\n\t\t\t\t\t\t\t\t\t\t<\/figure>\n\t\t\t\t\t\t\t\t\t<\/div>\n\t\t\t\t<\/div>\n\t\t\t\t<div class=\"elementor-element elementor-element-5ed18c4 elementor-widget elementor-widget-image\" data-id=\"5ed18c4\" data-element_type=\"widget\" data-widget_type=\"image.default\">\n\t\t\t\t<div class=\"elementor-widget-container\">\n\t\t\t\t\t\t\t\t\t\t\t\t<figure class=\"wp-caption\">\n\t\t\t\t\t\t\t\t\t\t\t<a href=\"https:\/\/www.jpvong.com\/wp-content\/uploads\/2025\/12\/gardien-noir.webp\" data-elementor-open-lightbox=\"yes\" data-elementor-lightbox-title=\"gardien noir\" data-e-action-hash=\"#elementor-action%3Aaction%3Dlightbox%26settings%3DeyJpZCI6MTE2LCJ1cmwiOiJodHRwczpcL1wvd3d3Lmpwdm9uZy5jb21cL3dwLWNvbnRlbnRcL3VwbG9hZHNcLzIwMjVcLzEyXC9nYXJkaWVuLW5vaXIud2VicCJ9\">\n\t\t\t\t\t\t\t<img decoding=\"async\" width=\"412\" height=\"550\" src=\"https:\/\/www.jpvong.com\/wp-content\/uploads\/2025\/12\/gardien-noir.webp\" class=\"attachment-large size-large wp-image-116\" alt=\"\" srcset=\"https:\/\/www.jpvong.com\/wp-content\/uploads\/2025\/12\/gardien-noir.webp 412w, https:\/\/www.jpvong.com\/wp-content\/uploads\/2025\/12\/gardien-noir-225x300.webp 225w\" sizes=\"(max-width: 412px) 100vw, 412px\" \/>\t\t\t\t\t\t\t\t<\/a>\n\t\t\t\t\t\t\t\t\t\t\t<figcaption class=\"widget-image-caption wp-caption-text\">Mise en sc\u00e8ne des Gardiens du Seuil 220cm<\/figcaption>\n\t\t\t\t\t\t\t\t\t\t<\/figure>\n\t\t\t\t\t\t\t\t\t<\/div>\n\t\t\t\t<\/div>\n\t\t\t\t<div class=\"elementor-element elementor-element-751fab3 elementor-widget elementor-widget-image\" data-id=\"751fab3\" data-element_type=\"widget\" data-widget_type=\"image.default\">\n\t\t\t\t<div class=\"elementor-widget-container\">\n\t\t\t\t\t\t\t\t\t\t\t\t<figure class=\"wp-caption\">\n\t\t\t\t\t\t\t\t\t\t\t<a href=\"https:\/\/www.jpvong.com\/wp-content\/uploads\/2025\/12\/anges-noirs-foret-scaled.webp\" data-elementor-open-lightbox=\"yes\" data-elementor-lightbox-title=\"anges noirs foret\" data-e-action-hash=\"#elementor-action%3Aaction%3Dlightbox%26settings%3DeyJpZCI6MTE3LCJ1cmwiOiJodHRwczpcL1wvd3d3Lmpwdm9uZy5jb21cL3dwLWNvbnRlbnRcL3VwbG9hZHNcLzIwMjVcLzEyXC9hbmdlcy1ub2lycy1mb3JldC1zY2FsZWQud2VicCJ9\">\n\t\t\t\t\t\t\t<img decoding=\"async\" width=\"1024\" height=\"724\" src=\"https:\/\/www.jpvong.com\/wp-content\/uploads\/2025\/12\/anges-noirs-foret-1024x724.webp\" class=\"attachment-large size-large wp-image-117\" alt=\"\" srcset=\"https:\/\/www.jpvong.com\/wp-content\/uploads\/2025\/12\/anges-noirs-foret-1024x724.webp 1024w, https:\/\/www.jpvong.com\/wp-content\/uploads\/2025\/12\/anges-noirs-foret-300x212.webp 300w, https:\/\/www.jpvong.com\/wp-content\/uploads\/2025\/12\/anges-noirs-foret-768x543.webp 768w, https:\/\/www.jpvong.com\/wp-content\/uploads\/2025\/12\/anges-noirs-foret-1536x1086.webp 1536w, https:\/\/www.jpvong.com\/wp-content\/uploads\/2025\/12\/anges-noirs-foret-scaled.webp 1920w\" sizes=\"(max-width: 1024px) 100vw, 1024px\" \/>\t\t\t\t\t\t\t\t<\/a>\n\t\t\t\t\t\t\t\t\t\t\t<figcaption class=\"widget-image-caption wp-caption-text\">Mise en sc\u00e8ne des Gardiens du Seuil 220cm<\/figcaption>\n\t\t\t\t\t\t\t\t\t\t<\/figure>\n\t\t\t\t\t\t\t\t\t<\/div>\n\t\t\t\t<\/div>\n\t\t\t\t<div class=\"elementor-element elementor-element-56f21db elementor-widget elementor-widget-image\" data-id=\"56f21db\" data-element_type=\"widget\" data-widget_type=\"image.default\">\n\t\t\t\t<div class=\"elementor-widget-container\">\n\t\t\t\t\t\t\t\t\t\t\t\t<figure class=\"wp-caption\">\n\t\t\t\t\t\t\t\t\t\t\t<a href=\"https:\/\/www.jpvong.com\/wp-content\/uploads\/2025\/12\/DSCN3436-scaled.webp\" data-elementor-open-lightbox=\"yes\" data-elementor-lightbox-title=\"DSCN3436\" data-e-action-hash=\"#elementor-action%3Aaction%3Dlightbox%26settings%3DeyJpZCI6MTE0LCJ1cmwiOiJodHRwczpcL1wvd3d3Lmpwdm9uZy5jb21cL3dwLWNvbnRlbnRcL3VwbG9hZHNcLzIwMjVcLzEyXC9EU0NOMzQzNi1zY2FsZWQud2VicCJ9\">\n\t\t\t\t\t\t\t<img loading=\"lazy\" decoding=\"async\" width=\"768\" height=\"1024\" src=\"https:\/\/www.jpvong.com\/wp-content\/uploads\/2025\/12\/DSCN3436-768x1024.webp\" class=\"attachment-large size-large wp-image-114\" alt=\"\" srcset=\"https:\/\/www.jpvong.com\/wp-content\/uploads\/2025\/12\/DSCN3436-768x1024.webp 768w, https:\/\/www.jpvong.com\/wp-content\/uploads\/2025\/12\/DSCN3436-225x300.webp 225w, https:\/\/www.jpvong.com\/wp-content\/uploads\/2025\/12\/DSCN3436-1152x1536.webp 1152w, https:\/\/www.jpvong.com\/wp-content\/uploads\/2025\/12\/DSCN3436-scaled.webp 1440w\" sizes=\"(max-width: 768px) 100vw, 768px\" \/>\t\t\t\t\t\t\t\t<\/a>\n\t\t\t\t\t\t\t\t\t\t\t<figcaption class=\"widget-image-caption wp-caption-text\">Gardien du Seuil Azur<\/figcaption>\n\t\t\t\t\t\t\t\t\t\t<\/figure>\n\t\t\t\t\t\t\t\t\t<\/div>\n\t\t\t\t<\/div>\n\t\t\t\t<div class=\"elementor-element elementor-element-7938254 elementor-widget elementor-widget-image\" data-id=\"7938254\" data-element_type=\"widget\" data-widget_type=\"image.default\">\n\t\t\t\t<div class=\"elementor-widget-container\">\n\t\t\t\t\t\t\t\t\t\t\t\t<figure class=\"wp-caption\">\n\t\t\t\t\t\t\t\t\t\t\t<a href=\"https:\/\/www.jpvong.com\/wp-content\/uploads\/2025\/12\/Gardiens-du-seuil-jpvong-77cm-scaled.webp\" data-elementor-open-lightbox=\"yes\" data-elementor-lightbox-title=\"Gardiens du seuil jpvong 77cm\" data-e-action-hash=\"#elementor-action%3Aaction%3Dlightbox%26settings%3DeyJpZCI6MTE5LCJ1cmwiOiJodHRwczpcL1wvd3d3Lmpwdm9uZy5jb21cL3dwLWNvbnRlbnRcL3VwbG9hZHNcLzIwMjVcLzEyXC9HYXJkaWVucy1kdS1zZXVpbC1qcHZvbmctNzdjbS1zY2FsZWQud2VicCJ9\">\n\t\t\t\t\t\t\t<img loading=\"lazy\" decoding=\"async\" width=\"538\" height=\"1024\" src=\"https:\/\/www.jpvong.com\/wp-content\/uploads\/2025\/12\/Gardiens-du-seuil-jpvong-77cm-538x1024.webp\" class=\"attachment-large size-large wp-image-119\" alt=\"\" srcset=\"https:\/\/www.jpvong.com\/wp-content\/uploads\/2025\/12\/Gardiens-du-seuil-jpvong-77cm-538x1024.webp 538w, https:\/\/www.jpvong.com\/wp-content\/uploads\/2025\/12\/Gardiens-du-seuil-jpvong-77cm-158x300.webp 158w, https:\/\/www.jpvong.com\/wp-content\/uploads\/2025\/12\/Gardiens-du-seuil-jpvong-77cm-768x1461.webp 768w, https:\/\/www.jpvong.com\/wp-content\/uploads\/2025\/12\/Gardiens-du-seuil-jpvong-77cm-808x1536.webp 808w, https:\/\/www.jpvong.com\/wp-content\/uploads\/2025\/12\/Gardiens-du-seuil-jpvong-77cm-scaled.webp 1010w\" sizes=\"(max-width: 538px) 100vw, 538px\" \/>\t\t\t\t\t\t\t\t<\/a>\n\t\t\t\t\t\t\t\t\t\t\t<figcaption class=\"widget-image-caption wp-caption-text\">Gardiens du Seuil 77cm<\/figcaption>\n\t\t\t\t\t\t\t\t\t\t<\/figure>\n\t\t\t\t\t\t\t\t\t<\/div>\n\t\t\t\t<\/div>\n\t\t\t\t<div class=\"elementor-element elementor-element-44dc2a2 elementor-widget elementor-widget-image\" data-id=\"44dc2a2\" data-element_type=\"widget\" data-widget_type=\"image.default\">\n\t\t\t\t<div class=\"elementor-widget-container\">\n\t\t\t\t\t\t\t\t\t\t\t\t<figure class=\"wp-caption\">\n\t\t\t\t\t\t\t\t\t\t\t<a href=\"https:\/\/www.jpvong.com\/wp-content\/uploads\/2025\/12\/DSC030261-scaled.webp\" data-elementor-open-lightbox=\"yes\" data-elementor-lightbox-title=\"DSC030261\" data-e-action-hash=\"#elementor-action%3Aaction%3Dlightbox%26settings%3DeyJpZCI6MTE4LCJ1cmwiOiJodHRwczpcL1wvd3d3Lmpwdm9uZy5jb21cL3dwLWNvbnRlbnRcL3VwbG9hZHNcLzIwMjVcLzEyXC9EU0MwMzAyNjEtc2NhbGVkLndlYnAifQ%3D%3D\">\n\t\t\t\t\t\t\t<img loading=\"lazy\" decoding=\"async\" width=\"768\" height=\"1024\" src=\"https:\/\/www.jpvong.com\/wp-content\/uploads\/2025\/12\/DSC030261-768x1024.webp\" class=\"attachment-large size-large wp-image-118\" alt=\"\" srcset=\"https:\/\/www.jpvong.com\/wp-content\/uploads\/2025\/12\/DSC030261-768x1024.webp 768w, https:\/\/www.jpvong.com\/wp-content\/uploads\/2025\/12\/DSC030261-225x300.webp 225w, https:\/\/www.jpvong.com\/wp-content\/uploads\/2025\/12\/DSC030261-1152x1536.webp 1152w, https:\/\/www.jpvong.com\/wp-content\/uploads\/2025\/12\/DSC030261-scaled.webp 1440w\" sizes=\"(max-width: 768px) 100vw, 768px\" \/>\t\t\t\t\t\t\t\t<\/a>\n\t\t\t\t\t\t\t\t\t\t\t<figcaption class=\"widget-image-caption wp-caption-text\">Gardien du Seuil dor\u00e9<\/figcaption>\n\t\t\t\t\t\t\t\t\t\t<\/figure>\n\t\t\t\t\t\t\t\t\t<\/div>\n\t\t\t\t<\/div>\n\t\t\t\t\t<\/div>\n\t\t\t\t<\/div>\n\t\t<div class=\"elementor-element elementor-element-6485ede e-grid e-con-boxed e-con e-parent\" data-id=\"6485ede\" data-element_type=\"container\">\n\t\t\t\t\t<div class=\"e-con-inner\">\n\t\t\t\t<div class=\"elementor-element elementor-element-81bbbc7 elementor-widget elementor-widget-image\" data-id=\"81bbbc7\" data-element_type=\"widget\" data-widget_type=\"image.default\">\n\t\t\t\t<div class=\"elementor-widget-container\">\n\t\t\t\t\t\t\t\t\t\t\t\t<figure class=\"wp-caption\">\n\t\t\t\t\t\t\t\t\t\t\t<a href=\"https:\/\/www.jpvong.com\/wp-content\/uploads\/2026\/01\/DSCN6803-scaled.webp\" data-elementor-open-lightbox=\"yes\" data-elementor-lightbox-title=\"DSCN6803\" data-e-action-hash=\"#elementor-action%3Aaction%3Dlightbox%26settings%3DeyJpZCI6MTQyLCJ1cmwiOiJodHRwczpcL1wvd3d3Lmpwdm9uZy5jb21cL3dwLWNvbnRlbnRcL3VwbG9hZHNcLzIwMjZcLzAxXC9EU0NONjgwMy1zY2FsZWQud2VicCJ9\">\n\t\t\t\t\t\t\t<img loading=\"lazy\" decoding=\"async\" width=\"768\" height=\"1024\" src=\"https:\/\/www.jpvong.com\/wp-content\/uploads\/2026\/01\/DSCN6803-768x1024.webp\" class=\"attachment-large size-large wp-image-142\" alt=\"\" srcset=\"https:\/\/www.jpvong.com\/wp-content\/uploads\/2026\/01\/DSCN6803-768x1024.webp 768w, https:\/\/www.jpvong.com\/wp-content\/uploads\/2026\/01\/DSCN6803-225x300.webp 225w, https:\/\/www.jpvong.com\/wp-content\/uploads\/2026\/01\/DSCN6803-1152x1536.webp 1152w, https:\/\/www.jpvong.com\/wp-content\/uploads\/2026\/01\/DSCN6803-scaled.webp 1440w\" sizes=\"(max-width: 768px) 100vw, 768px\" \/>\t\t\t\t\t\t\t\t<\/a>\n\t\t\t\t\t\t\t\t\t\t\t<figcaption class=\"widget-image-caption wp-caption-text\">Gardienne du Seuil<\/figcaption>\n\t\t\t\t\t\t\t\t\t\t<\/figure>\n\t\t\t\t\t\t\t\t\t<\/div>\n\t\t\t\t<\/div>\n\t\t\t\t<div class=\"elementor-element elementor-element-d007db0 elementor-widget elementor-widget-image\" data-id=\"d007db0\" data-element_type=\"widget\" data-widget_type=\"image.default\">\n\t\t\t\t<div class=\"elementor-widget-container\">\n\t\t\t\t\t\t\t\t\t\t\t\t<figure class=\"wp-caption\">\n\t\t\t\t\t\t\t\t\t\t\t<a href=\"https:\/\/www.jpvong.com\/wp-content\/uploads\/2026\/01\/gardien-du-seuil-affiche-v2.webp\" data-elementor-open-lightbox=\"yes\" data-elementor-lightbox-title=\"gardien du seuil affiche v2\" data-e-action-hash=\"#elementor-action%3Aaction%3Dlightbox%26settings%3DeyJpZCI6MTQzLCJ1cmwiOiJodHRwczpcL1wvd3d3Lmpwdm9uZy5jb21cL3dwLWNvbnRlbnRcL3VwbG9hZHNcLzIwMjZcLzAxXC9nYXJkaWVuLWR1LXNldWlsLWFmZmljaGUtdjIud2VicCJ9\">\n\t\t\t\t\t\t\t<img loading=\"lazy\" decoding=\"async\" width=\"819\" height=\"720\" src=\"https:\/\/www.jpvong.com\/wp-content\/uploads\/2026\/01\/gardien-du-seuil-affiche-v2.webp\" class=\"attachment-large size-large wp-image-143\" alt=\"\" srcset=\"https:\/\/www.jpvong.com\/wp-content\/uploads\/2026\/01\/gardien-du-seuil-affiche-v2.webp 819w, https:\/\/www.jpvong.com\/wp-content\/uploads\/2026\/01\/gardien-du-seuil-affiche-v2-300x264.webp 300w, https:\/\/www.jpvong.com\/wp-content\/uploads\/2026\/01\/gardien-du-seuil-affiche-v2-768x675.webp 768w\" sizes=\"(max-width: 819px) 100vw, 819px\" \/>\t\t\t\t\t\t\t\t<\/a>\n\t\t\t\t\t\t\t\t\t\t\t<figcaption class=\"widget-image-caption wp-caption-text\">Mise en sc\u00e8ne des Gardiens du Seuil 220cm<\/figcaption>\n\t\t\t\t\t\t\t\t\t\t<\/figure>\n\t\t\t\t\t\t\t\t\t<\/div>\n\t\t\t\t<\/div>\n\t\t\t\t<div class=\"elementor-element elementor-element-4b1def3 elementor-widget elementor-widget-image\" data-id=\"4b1def3\" data-element_type=\"widget\" data-widget_type=\"image.default\">\n\t\t\t\t<div class=\"elementor-widget-container\">\n\t\t\t\t\t\t\t\t\t\t\t\t<figure class=\"wp-caption\">\n\t\t\t\t\t\t\t\t\t\t\t<a href=\"https:\/\/www.jpvong.com\/wp-content\/uploads\/2026\/01\/IMG_20190612_150713_HDR-scaled.webp\" data-elementor-open-lightbox=\"yes\" data-elementor-lightbox-title=\"IMG_20190612_150713_HDR\" data-e-action-hash=\"#elementor-action%3Aaction%3Dlightbox%26settings%3DeyJpZCI6MTQxLCJ1cmwiOiJodHRwczpcL1wvd3d3Lmpwdm9uZy5jb21cL3dwLWNvbnRlbnRcL3VwbG9hZHNcLzIwMjZcLzAxXC9JTUdfMjAxOTA2MTJfMTUwNzEzX0hEUi1zY2FsZWQud2VicCJ9\">\n\t\t\t\t\t\t\t<img loading=\"lazy\" decoding=\"async\" width=\"576\" height=\"1024\" src=\"https:\/\/www.jpvong.com\/wp-content\/uploads\/2026\/01\/IMG_20190612_150713_HDR-576x1024.webp\" class=\"attachment-large size-large wp-image-141\" alt=\"\" srcset=\"https:\/\/www.jpvong.com\/wp-content\/uploads\/2026\/01\/IMG_20190612_150713_HDR-576x1024.webp 576w, https:\/\/www.jpvong.com\/wp-content\/uploads\/2026\/01\/IMG_20190612_150713_HDR-169x300.webp 169w, https:\/\/www.jpvong.com\/wp-content\/uploads\/2026\/01\/IMG_20190612_150713_HDR-768x1365.webp 768w, https:\/\/www.jpvong.com\/wp-content\/uploads\/2026\/01\/IMG_20190612_150713_HDR-864x1536.webp 864w, https:\/\/www.jpvong.com\/wp-content\/uploads\/2026\/01\/IMG_20190612_150713_HDR-1152x2048.webp 1080w, https:\/\/www.jpvong.com\/wp-content\/uploads\/2026\/01\/IMG_20190612_150713_HDR-scaled.webp 1081w\" sizes=\"(max-width: 576px) 100vw, 576px\" \/>\t\t\t\t\t\t\t\t<\/a>\n\t\t\t\t\t\t\t\t\t\t\t<figcaption class=\"widget-image-caption wp-caption-text\">Gardienne du Seuil 100cm<\/figcaption>\n\t\t\t\t\t\t\t\t\t\t<\/figure>\n\t\t\t\t\t\t\t\t\t<\/div>\n\t\t\t\t<\/div>\n\t\t\t\t<div class=\"elementor-element elementor-element-05dd4d4 elementor-widget elementor-widget-image\" data-id=\"05dd4d4\" data-element_type=\"widget\" data-widget_type=\"image.default\">\n\t\t\t\t<div class=\"elementor-widget-container\">\n\t\t\t\t\t\t\t\t\t\t\t\t<figure class=\"wp-caption\">\n\t\t\t\t\t\t\t\t\t\t\t<a href=\"https:\/\/www.jpvong.com\/wp-content\/uploads\/2026\/01\/IMG_20180209_193120_HDR-scaled.jpg\" data-elementor-open-lightbox=\"yes\" data-elementor-lightbox-title=\"IMG_20180209_193120_HDR\" data-e-action-hash=\"#elementor-action%3Aaction%3Dlightbox%26settings%3DeyJpZCI6MTQ1LCJ1cmwiOiJodHRwczpcL1wvd3d3Lmpwdm9uZy5jb21cL3dwLWNvbnRlbnRcL3VwbG9hZHNcLzIwMjZcLzAxXC9JTUdfMjAxODAyMDlfMTkzMTIwX0hEUi1zY2FsZWQud2VicCJ9\">\n\t\t\t\t\t\t\t<img loading=\"lazy\" decoding=\"async\" width=\"576\" height=\"1024\" src=\"https:\/\/www.jpvong.com\/wp-content\/uploads\/2026\/01\/IMG_20180209_193120_HDR-576x1024.webp\" class=\"attachment-large size-large wp-image-145\" alt=\"\" srcset=\"https:\/\/www.jpvong.com\/wp-content\/uploads\/2026\/01\/IMG_20180209_193120_HDR-576x1024.webp 576w, https:\/\/www.jpvong.com\/wp-content\/uploads\/2026\/01\/IMG_20180209_193120_HDR-169x300.webp 169w, https:\/\/www.jpvong.com\/wp-content\/uploads\/2026\/01\/IMG_20180209_193120_HDR-768x1365.webp 768w, https:\/\/www.jpvong.com\/wp-content\/uploads\/2026\/01\/IMG_20180209_193120_HDR-864x1536.webp 864w, https:\/\/www.jpvong.com\/wp-content\/uploads\/2026\/01\/IMG_20180209_193120_HDR-1152x2048.webp 1080w, https:\/\/www.jpvong.com\/wp-content\/uploads\/2026\/01\/IMG_20180209_193120_HDR-scaled.webp 1081w\" sizes=\"(max-width: 576px) 100vw, 576px\" \/>\t\t\t\t\t\t\t\t<\/a>\n\t\t\t\t\t\t\t\t\t\t\t<figcaption class=\"widget-image-caption wp-caption-text\">Gardien du Seuil 77cm<\/figcaption>\n\t\t\t\t\t\t\t\t\t\t<\/figure>\n\t\t\t\t\t\t\t\t\t<\/div>\n\t\t\t\t<\/div>\n\t\t\t\t<div class=\"elementor-element elementor-element-90f764c elementor-widget elementor-widget-image\" data-id=\"90f764c\" data-element_type=\"widget\" data-widget_type=\"image.default\">\n\t\t\t\t<div class=\"elementor-widget-container\">\n\t\t\t\t\t\t\t\t\t\t\t\t<figure class=\"wp-caption\">\n\t\t\t\t\t\t\t\t\t\t\t<a href=\"https:\/\/www.jpvong.com\/wp-content\/uploads\/2026\/01\/1739316990549-scaled.webp\" data-elementor-open-lightbox=\"yes\" data-elementor-lightbox-title=\"1739316990549\" data-e-action-hash=\"#elementor-action%3Aaction%3Dlightbox%26settings%3DeyJpZCI6MTQwLCJ1cmwiOiJodHRwczpcL1wvd3d3Lmpwdm9uZy5jb21cL3dwLWNvbnRlbnRcL3VwbG9hZHNcLzIwMjZcLzAxXC8xNzM5MzE2OTkwNTQ5LXNjYWxlZC53ZWJwIn0%3D\">\n\t\t\t\t\t\t\t<img loading=\"lazy\" decoding=\"async\" width=\"461\" height=\"1024\" src=\"https:\/\/www.jpvong.com\/wp-content\/uploads\/2026\/01\/1739316990549-461x1024.webp\" class=\"attachment-large size-large wp-image-140\" alt=\"\" srcset=\"https:\/\/www.jpvong.com\/wp-content\/uploads\/2026\/01\/1739316990549-461x1024.webp 461w, https:\/\/www.jpvong.com\/wp-content\/uploads\/2026\/01\/1739316990549-135x300.webp 135w, https:\/\/www.jpvong.com\/wp-content\/uploads\/2026\/01\/1739316990549-768x1707.webp 768w, https:\/\/www.jpvong.com\/wp-content\/uploads\/2026\/01\/1739316990549-691x1536.webp 691w, https:\/\/www.jpvong.com\/wp-content\/uploads\/2026\/01\/1739316990549-scaled.webp 864w\" sizes=\"(max-width: 461px) 100vw, 461px\" \/>\t\t\t\t\t\t\t\t<\/a>\n\t\t\t\t\t\t\t\t\t\t\t<figcaption class=\"widget-image-caption wp-caption-text\">Couple de Gardiens du Seuil 77cm<\/figcaption>\n\t\t\t\t\t\t\t\t\t\t<\/figure>\n\t\t\t\t\t\t\t\t\t<\/div>\n\t\t\t\t<\/div>\n\t\t\t\t<div class=\"elementor-element elementor-element-44d0e51 elementor-widget elementor-widget-image\" data-id=\"44d0e51\" data-element_type=\"widget\" data-widget_type=\"image.default\">\n\t\t\t\t<div class=\"elementor-widget-container\">\n\t\t\t\t\t\t\t\t\t\t\t\t<figure class=\"wp-caption\">\n\t\t\t\t\t\t\t\t\t\t\t<a href=\"https:\/\/www.jpvong.com\/wp-content\/uploads\/2026\/01\/angelots-paire-couleur-scaled.webp\" data-elementor-open-lightbox=\"yes\" data-elementor-lightbox-title=\"angelots paire couleur\" data-e-action-hash=\"#elementor-action%3Aaction%3Dlightbox%26settings%3DeyJpZCI6MTQ0LCJ1cmwiOiJodHRwczpcL1wvd3d3Lmpwdm9uZy5jb21cL3dwLWNvbnRlbnRcL3VwbG9hZHNcLzIwMjZcLzAxXC9hbmdlbG90cy1wYWlyZS1jb3VsZXVyLXNjYWxlZC53ZWJwIn0%3D\">\n\t\t\t\t\t\t\t<img loading=\"lazy\" decoding=\"async\" width=\"576\" height=\"1024\" src=\"https:\/\/www.jpvong.com\/wp-content\/uploads\/2026\/01\/angelots-paire-couleur-576x1024.webp\" class=\"attachment-large size-large wp-image-144\" alt=\"\" srcset=\"https:\/\/www.jpvong.com\/wp-content\/uploads\/2026\/01\/angelots-paire-couleur-576x1024.webp 576w, https:\/\/www.jpvong.com\/wp-content\/uploads\/2026\/01\/angelots-paire-couleur-169x300.webp 169w, https:\/\/www.jpvong.com\/wp-content\/uploads\/2026\/01\/angelots-paire-couleur-768x1365.webp 768w, https:\/\/www.jpvong.com\/wp-content\/uploads\/2026\/01\/angelots-paire-couleur-864x1536.webp 864w, https:\/\/www.jpvong.com\/wp-content\/uploads\/2026\/01\/angelots-paire-couleur-1152x2048.webp 1080w, https:\/\/www.jpvong.com\/wp-content\/uploads\/2026\/01\/angelots-paire-couleur-scaled.webp 1081w\" sizes=\"(max-width: 576px) 100vw, 576px\" \/>\t\t\t\t\t\t\t\t<\/a>\n\t\t\t\t\t\t\t\t\t\t\t<figcaption class=\"widget-image-caption wp-caption-text\">Couple de Gardiens du Seuil 77cm<\/figcaption>\n\t\t\t\t\t\t\t\t\t\t<\/figure>\n\t\t\t\t\t\t\t\t\t<\/div>\n\t\t\t\t<\/div>\n\t\t\t\t\t<\/div>\n\t\t\t\t<\/div>\n\t\t<div class=\"elementor-element elementor-element-3a478b6 e-flex e-con-boxed e-con e-parent\" data-id=\"3a478b6\" data-element_type=\"container\">\n\t\t\t\t\t<div class=\"e-con-inner\">\n\t\t\t\t<div class=\"elementor-element elementor-element-36dfeaf elementor-widget elementor-widget-heading\" data-id=\"36dfeaf\" data-element_type=\"widget\" data-widget_type=\"heading.default\">\n\t\t\t\t<div class=\"elementor-widget-container\">\n\t\t\t\t\t<h2 class=\"elementor-heading-title elementor-size-default\"><a href=\"https:\/\/www.jpvong.com\/\">Retour \u00e0 l'accueil<\/a><\/h2>\t\t\t\t<\/div>\n\t\t\t\t<\/div>\n\t\t\t\t\t<\/div>\n\t\t\t\t<\/div>\n\t\t\t\t<\/div>\n\t\t","protected":false},"excerpt":{"rendered":"<p>Mise en sc\u00e8ne des Gardiens du Seuil 220cm Mise en sc\u00e8ne des Gardiens du Seuil 220cm Mise en sc\u00e8ne des Gardiens du Seuil 220cm Gardien du Seuil Azur Gardiens du Seuil 77cm Gardien du Seuil dor\u00e9 Gardienne du Seuil Mise en sc\u00e8ne des Gardiens du Seuil 220cm Gardienne du Seuil 100cm Gardien du Seuil 77cm [&hellip;]<\/p>\n","protected":false},"author":1,"featured_media":0,"parent":0,"menu_order":0,"comment_status":"closed","ping_status":"closed","template":"","meta":{"ocean_post_layout":"","ocean_both_sidebars_style":"","ocean_both_sidebars_content_width":0,"ocean_both_sidebars_sidebars_width":0,"ocean_sidebar":"","ocean_second_sidebar":"","ocean_disable_margins":"enable","ocean_add_body_class":"","ocean_shortcode_before_top_bar":"","ocean_shortcode_after_top_bar":"","ocean_shortcode_before_header":"","ocean_shortcode_after_header":"","ocean_has_shortcode":"","ocean_shortcode_after_title":"","ocean_shortcode_before_footer_widgets":"","ocean_shortcode_after_footer_widgets":"","ocean_shortcode_before_footer_bottom":"","ocean_shortcode_after_footer_bottom":"","ocean_display_top_bar":"default","ocean_display_header":"default","ocean_header_style":"","ocean_center_header_left_menu":"","ocean_custom_header_template":"","ocean_custom_logo":0,"ocean_custom_retina_logo":0,"ocean_custom_logo_max_width":0,"ocean_custom_logo_tablet_max_width":0,"ocean_custom_logo_mobile_max_width":0,"ocean_custom_logo_max_height":0,"ocean_custom_logo_tablet_max_height":0,"ocean_custom_logo_mobile_max_height":0,"ocean_header_custom_menu":"","ocean_menu_typo_font_family":"","ocean_menu_typo_font_subset":"","ocean_menu_typo_font_size":0,"ocean_menu_typo_font_size_tablet":0,"ocean_menu_typo_font_size_mobile":0,"ocean_menu_typo_font_size_unit":"px","ocean_menu_typo_font_weight":"","ocean_menu_typo_font_weight_tablet":"","ocean_menu_typo_font_weight_mobile":"","ocean_menu_typo_transform":"","ocean_menu_typo_transform_tablet":"","ocean_menu_typo_transform_mobile":"","ocean_menu_typo_line_height":0,"ocean_menu_typo_line_height_tablet":0,"ocean_menu_typo_line_height_mobile":0,"ocean_menu_typo_line_height_unit":"","ocean_menu_typo_spacing":0,"ocean_menu_typo_spacing_tablet":0,"ocean_menu_typo_spacing_mobile":0,"ocean_menu_typo_spacing_unit":"","ocean_menu_link_color":"","ocean_menu_link_color_hover":"","ocean_menu_link_color_active":"","ocean_menu_link_background":"","ocean_menu_link_hover_background":"","ocean_menu_link_active_background":"","ocean_menu_social_links_bg":"","ocean_menu_social_hover_links_bg":"","ocean_menu_social_links_color":"","ocean_menu_social_hover_links_color":"","ocean_disable_title":"default","ocean_disable_heading":"default","ocean_post_title":"","ocean_post_subheading":"","ocean_post_title_style":"","ocean_post_title_background_color":"","ocean_post_title_background":0,"ocean_post_title_bg_image_position":"","ocean_post_title_bg_image_attachment":"","ocean_post_title_bg_image_repeat":"","ocean_post_title_bg_image_size":"","ocean_post_title_height":0,"ocean_post_title_bg_overlay":0.5,"ocean_post_title_bg_overlay_color":"","ocean_disable_breadcrumbs":"default","ocean_breadcrumbs_color":"","ocean_breadcrumbs_separator_color":"","ocean_breadcrumbs_links_color":"","ocean_breadcrumbs_links_hover_color":"","ocean_display_footer_widgets":"default","ocean_display_footer_bottom":"default","ocean_custom_footer_template":"","footnotes":""},"class_list":["post-78","page","type-page","status-publish","hentry","entry"],"_links":{"self":[{"href":"https:\/\/www.jpvong.com\/index.php\/wp-json\/wp\/v2\/pages\/78","targetHints":{"allow":["GET"]}}],"collection":[{"href":"https:\/\/www.jpvong.com\/index.php\/wp-json\/wp\/v2\/pages"}],"about":[{"href":"https:\/\/www.jpvong.com\/index.php\/wp-json\/wp\/v2\/types\/page"}],"author":[{"embeddable":true,"href":"https:\/\/www.jpvong.com\/index.php\/wp-json\/wp\/v2\/users\/1"}],"replies":[{"embeddable":true,"href":"https:\/\/www.jpvong.com\/index.php\/wp-json\/wp\/v2\/comments?post=78"}],"version-history":[{"count":25,"href":"https:\/\/www.jpvong.com\/index.php\/wp-json\/wp\/v2\/pages\/78\/revisions"}],"predecessor-version":[{"id":162,"href":"https:\/\/www.jpvong.com\/index.php\/wp-json\/wp\/v2\/pages\/78\/revisions\/162"}],"wp:attachment":[{"href":"https:\/\/www.jpvong.com\/index.php\/wp-json\/wp\/v2\/media?parent=78"}],"curies":[{"name":"wp","href":"https:\/\/api.w.org\/{rel}","templated":true}]}}