{"id":51,"date":"2025-09-25T00:20:37","date_gmt":"2025-09-24T22:20:37","guid":{"rendered":"https:\/\/www.jpvong.com\/?page_id=51"},"modified":"2026-01-04T01:00:41","modified_gmt":"2026-01-04T00:00:41","slug":"homepage","status":"publish","type":"page","link":"https:\/\/www.jpvong.com\/","title":{"rendered":"Soyez les bienvenus !"},"content":{"rendered":"\t\t<div data-elementor-type=\"wp-page\" data-elementor-id=\"51\" class=\"elementor elementor-51\">\n\t\t\t\t<div class=\"elementor-element elementor-element-24ac271 e-grid e-con-full e-con e-parent\" data-id=\"24ac271\" data-element_type=\"container\">\n\t\t\t\t<div class=\"elementor-element elementor-element-9ba9c5f elementor-widget elementor-widget-heading\" data-id=\"9ba9c5f\" data-element_type=\"widget\" data-widget_type=\"heading.default\">\n\t\t\t\t<div class=\"elementor-widget-container\">\n\t\t\t\t\t<h2 class=\"elementor-heading-title elementor-size-default\">Sculptures classiques<\/h2>\t\t\t\t<\/div>\n\t\t\t\t<\/div>\n\t\t\t\t<div class=\"elementor-element elementor-element-48a9032 elementor-widget elementor-widget-heading\" data-id=\"48a9032\" data-element_type=\"widget\" data-widget_type=\"heading.default\">\n\t\t\t\t<div class=\"elementor-widget-container\">\n\t\t\t\t\t<h2 class=\"elementor-heading-title elementor-size-default\"><a href=\"https:\/\/www.jpvong.com\/index.php\/les-gardiens-du-seuil\/\" target=\"_blank\">Les gardiens du Seuil<\/a><\/h2>\t\t\t\t<\/div>\n\t\t\t\t<\/div>\n\t\t\t\t<div class=\"elementor-element elementor-element-c848a63 elementor-widget elementor-widget-heading\" data-id=\"c848a63\" data-element_type=\"widget\" data-widget_type=\"heading.default\">\n\t\t\t\t<div class=\"elementor-widget-container\">\n\t\t\t\t\t<h2 class=\"elementor-heading-title elementor-size-default\">Les formes <\/h2>\t\t\t\t<\/div>\n\t\t\t\t<\/div>\n\t\t\t\t<div class=\"elementor-element elementor-element-89fdd01 elementor-widget elementor-widget-heading\" data-id=\"89fdd01\" data-element_type=\"widget\" data-widget_type=\"heading.default\">\n\t\t\t\t<div class=\"elementor-widget-container\">\n\t\t\t\t\t<h2 class=\"elementor-heading-title elementor-size-default\">Ajoutez votre titre ici<\/h2>\t\t\t\t<\/div>\n\t\t\t\t<\/div>\n\t\t\t\t<\/div>\n\t\t<div class=\"elementor-element elementor-element-undefined-5124482 e-flex e-con-boxed e-con e-parent\" data-id=\"undefined-5124482\" data-element_type=\"container\">\n\t\t\t\t\t<div class=\"e-con-inner\">\n\t\t<div class=\"elementor-element elementor-element-undefined-a1ee61b e-con-full e-flex e-con e-child\" data-id=\"undefined-a1ee61b\" data-element_type=\"container\">\n\t\t\t\t<div class=\"elementor-element elementor-element-undefined-4c948a6 elementor-widget elementor-widget-heading\" data-id=\"undefined-4c948a6\" data-element_type=\"widget\" data-widget_type=\"heading.default\">\n\t\t\t\t<div class=\"elementor-widget-container\">\n\t\t\t\t\t<h2 class=\"elementor-heading-title elementor-size-default\">Les expos \u00e0 venir !<\/h2>\t\t\t\t<\/div>\n\t\t\t\t<\/div>\n\t\t\t\t<div class=\"elementor-element elementor-element-undefined-014e9f2 elementor-widget elementor-widget-text-editor\" data-id=\"undefined-014e9f2\" data-element_type=\"widget\" data-widget_type=\"text-editor.default\">\n\t\t\t\t<div class=\"elementor-widget-container\">\n\t\t\t\t\t\t\t\t\t<p>Venez d\u00e9couvrir mes derni\u00e8res cr\u00e9ations et vous immerger dans l&#8217;art et la culture de mani\u00e8re inspirante.<\/p>\t\t\t\t\t\t\t\t<\/div>\n\t\t\t\t<\/div>\n\t\t\t\t<\/div>\n\t\t<div class=\"elementor-element elementor-element-undefined-53aa137 e-con-full e-flex e-con e-child\" data-id=\"undefined-53aa137\" data-element_type=\"container\">\n\t\t<div class=\"elementor-element elementor-element-undefined-9e65b84 e-con-full e-flex e-con e-child\" data-id=\"undefined-9e65b84\" data-element_type=\"container\">\n\t\t\t\t<div class=\"elementor-element elementor-element-undefined-bd06d4c elementor-widget elementor-widget-image\" data-id=\"undefined-bd06d4c\" data-element_type=\"widget\" data-widget_type=\"image.default\">\n\t\t\t\t<div class=\"elementor-widget-container\">\n\t\t\t\t\t\t\t\t\t\t\t\t\t\t\t<img fetchpriority=\"high\" decoding=\"async\" width=\"355\" height=\"473\" src=\"https:\/\/www.jpvong.com\/wp-content\/uploads\/2026\/01\/1767477090401.webp\" class=\"attachment-large size-large wp-image-125\" alt=\"\" srcset=\"https:\/\/www.jpvong.com\/wp-content\/uploads\/2026\/01\/1767477090401.webp 355w, https:\/\/www.jpvong.com\/wp-content\/uploads\/2026\/01\/1767477090401-225x300.webp 225w\" sizes=\"(max-width: 355px) 100vw, 355px\" \/>\t\t\t\t\t\t\t\t\t\t\t\t\t\t\t<\/div>\n\t\t\t\t<\/div>\n\t\t\t\t<\/div>\n\t\t<div class=\"elementor-element elementor-element-undefined-61d04e8 e-con-full e-flex e-con e-child\" data-id=\"undefined-61d04e8\" data-element_type=\"container\">\n\t\t\t\t<div class=\"elementor-element elementor-element-undefined-477f733 elementor-widget elementor-widget-heading\" data-id=\"undefined-477f733\" data-element_type=\"widget\" data-widget_type=\"heading.default\">\n\t\t\t\t<div class=\"elementor-widget-container\">\n\t\t\t\t\t<h2 class=\"elementor-heading-title elementor-size-default\">ART CAPITAL 2026<\/h2>\t\t\t\t<\/div>\n\t\t\t\t<\/div>\n\t\t\t\t<div class=\"elementor-element elementor-element-undefined-a9b5c91 elementor-widget elementor-widget-heading\" data-id=\"undefined-a9b5c91\" data-element_type=\"widget\" data-widget_type=\"heading.default\">\n\t\t\t\t<div class=\"elementor-widget-container\">\n\t\t\t\t\t<h2 class=\"elementor-heading-title elementor-size-default\">12 au 15 f\u00e9vrier 2026 - Grand Palais, 17 av G.Eisenhower Paris 8, France<\/h2>\t\t\t\t<\/div>\n\t\t\t\t<\/div>\n\t\t\t\t<div class=\"elementor-element elementor-element-undefined-7193cd3 elementor-widget elementor-widget-text-editor\" data-id=\"undefined-7193cd3\" data-element_type=\"widget\" data-widget_type=\"text-editor.default\">\n\t\t\t\t<div class=\"elementor-widget-container\">\n\t\t\t\t\t\t\t\t\t<p>Je vais exposer \u00e0 2 endroits:<\/p><p>1- Salon COMPARAISONS Groupe Singuli\u00e8res Sculptures<\/p><p>2- Salon des ARTISTES INDEPENDANTS Groupe ADAIS<\/p>\t\t\t\t\t\t\t\t<\/div>\n\t\t\t\t<\/div>\n\t\t\t\t<\/div>\n\t\t\t\t<\/div>\n\t\t<div class=\"elementor-element elementor-element-undefined-ed9a034 e-con-full e-flex e-con e-child\" data-id=\"undefined-ed9a034\" data-element_type=\"container\">\n\t\t<div class=\"elementor-element elementor-element-undefined-01f03de e-con-full e-flex e-con e-child\" data-id=\"undefined-01f03de\" data-element_type=\"container\">\n\t\t<div class=\"elementor-element elementor-element-undefined-dd35762 e-con-full e-flex e-con e-child\" data-id=\"undefined-dd35762\" data-element_type=\"container\">\n\t\t\t\t<div class=\"elementor-element elementor-element-undefined-15267b9 elementor-widget elementor-widget-image\" data-id=\"undefined-15267b9\" data-element_type=\"widget\" data-widget_type=\"image.default\">\n\t\t\t\t<div class=\"elementor-widget-container\">\n\t\t\t\t\t\t\t\t\t\t\t\t\t\t\t<img decoding=\"async\" width=\"837\" height=\"1024\" src=\"https:\/\/www.jpvong.com\/wp-content\/uploads\/2025\/12\/SNAA2025-Affiche-scaled-e1765439677479-837x1024.webp\" class=\"attachment-large size-large wp-image-103\" alt=\"\" srcset=\"https:\/\/www.jpvong.com\/wp-content\/uploads\/2025\/12\/SNAA2025-Affiche-scaled-e1765439677479-837x1024.webp 837w, https:\/\/www.jpvong.com\/wp-content\/uploads\/2025\/12\/SNAA2025-Affiche-scaled-e1765439677479-245x300.webp 245w, https:\/\/www.jpvong.com\/wp-content\/uploads\/2025\/12\/SNAA2025-Affiche-scaled-e1765439677479-768x939.jpg 768w, https:\/\/www.jpvong.com\/wp-content\/uploads\/2025\/12\/SNAA2025-Affiche-scaled-e1765439677479-1256x1536.jpg 1256w, https:\/\/www.jpvong.com\/wp-content\/uploads\/2025\/12\/SNAA2025-Affiche-scaled-e1765439677479-1675x2048.jpg 1675w, https:\/\/www.jpvong.com\/wp-content\/uploads\/2025\/12\/SNAA2025-Affiche-scaled-e1765439677479.webp 1570w\" sizes=\"(max-width: 837px) 100vw, 837px\" \/>\t\t\t\t\t\t\t\t\t\t\t\t\t\t\t<\/div>\n\t\t\t\t<\/div>\n\t\t\t\t<\/div>\n\t\t<div class=\"elementor-element elementor-element-undefined-657c435 e-con-full e-flex e-con e-child\" data-id=\"undefined-657c435\" data-element_type=\"container\">\n\t\t\t\t<div class=\"elementor-element elementor-element-undefined-e7fe832 elementor-widget elementor-widget-heading\" data-id=\"undefined-e7fe832\" data-element_type=\"widget\" data-widget_type=\"heading.default\">\n\t\t\t\t<div class=\"elementor-widget-container\">\n\t\t\t\t\t<h2 class=\"elementor-heading-title elementor-size-default\">9\u00e8me SALON NATIONAL DES ARTISTES ANIMALIERS DE BRY SUR MARNE\n<\/h2>\t\t\t\t<\/div>\n\t\t\t\t<\/div>\n\t\t\t\t<div class=\"elementor-element elementor-element-undefined-0f007b1 elementor-widget elementor-widget-heading\" data-id=\"undefined-0f007b1\" data-element_type=\"widget\" data-widget_type=\"heading.default\">\n\t\t\t\t<div class=\"elementor-widget-container\">\n\t\t\t\t\t<h2 class=\"elementor-heading-title elementor-size-default\">15 oct-7 nov, Bry sur Marne France<\/h2>\t\t\t\t<\/div>\n\t\t\t\t<\/div>\n\t\t\t\t<div class=\"elementor-element elementor-element-undefined-866328d elementor-widget elementor-widget-text-editor\" data-id=\"undefined-866328d\" data-element_type=\"widget\" data-widget_type=\"text-editor.default\">\n\t\t\t\t<div class=\"elementor-widget-container\">\n\t\t\t\t\t\t\t\t\t<p>Venez d\u00e9couvrir cette exposition unique r\u00e9unissant divers talents. Un moment parfait pour les \u00e9changes et l\u2019appr\u00e9ciation de l\u2019art.<\/p>\t\t\t\t\t\t\t\t<\/div>\n\t\t\t\t<\/div>\n\t\t\t\t<\/div>\n\t\t\t\t<\/div>\n\t\t<div class=\"elementor-element elementor-element-undefined-8187525 e-con-full e-flex e-con e-child\" data-id=\"undefined-8187525\" data-element_type=\"container\">\n\t\t<div class=\"elementor-element elementor-element-undefined-7dc4f4f e-con-full e-flex e-con e-child\" data-id=\"undefined-7dc4f4f\" data-element_type=\"container\">\n\t\t\t\t<div class=\"elementor-element elementor-element-undefined-e440ba3 elementor-widget__width-initial elementor-widget elementor-widget-image\" data-id=\"undefined-e440ba3\" data-element_type=\"widget\" data-widget_type=\"image.default\">\n\t\t\t\t<div class=\"elementor-widget-container\">\n\t\t\t\t\t\t\t\t\t\t\t\t\t\t\t<img decoding=\"async\" width=\"721\" height=\"1024\" src=\"https:\/\/www.jpvong.com\/wp-content\/uploads\/2025\/09\/SENLIS-ART-EN-FETE-2025-V1-721x1024.jpg\" class=\"attachment-large size-large wp-image-54\" alt=\"\" srcset=\"https:\/\/www.jpvong.com\/wp-content\/uploads\/2025\/09\/SENLIS-ART-EN-FETE-2025-V1-721x1024.jpg 721w, https:\/\/www.jpvong.com\/wp-content\/uploads\/2025\/09\/SENLIS-ART-EN-FETE-2025-V1-211x300.jpg 211w, https:\/\/www.jpvong.com\/wp-content\/uploads\/2025\/09\/SENLIS-ART-EN-FETE-2025-V1-768x1090.jpg 768w, https:\/\/www.jpvong.com\/wp-content\/uploads\/2025\/09\/SENLIS-ART-EN-FETE-2025-V1-1082x1536.jpg 1082w, https:\/\/www.jpvong.com\/wp-content\/uploads\/2025\/09\/SENLIS-ART-EN-FETE-2025-V1.jpg 1409w\" sizes=\"(max-width: 721px) 100vw, 721px\" \/>\t\t\t\t\t\t\t\t\t\t\t\t\t\t\t<\/div>\n\t\t\t\t<\/div>\n\t\t\t\t<\/div>\n\t\t<div class=\"elementor-element elementor-element-undefined-0a62b92 e-con-full e-flex e-con e-child\" data-id=\"undefined-0a62b92\" data-element_type=\"container\">\n\t\t\t\t<div class=\"elementor-element elementor-element-undefined-2b4bfb8 elementor-widget elementor-widget-heading\" data-id=\"undefined-2b4bfb8\" data-element_type=\"widget\" data-widget_type=\"heading.default\">\n\t\t\t\t<div class=\"elementor-widget-container\">\n\t\t\t\t\t<h2 class=\"elementor-heading-title elementor-size-default\">ADAIS SENLIS.ART EN F\u00caTE 2025<\/h2>\t\t\t\t<\/div>\n\t\t\t\t<\/div>\n\t\t\t\t<div class=\"elementor-element elementor-element-undefined-a2a2d50 elementor-widget elementor-widget-heading\" data-id=\"undefined-a2a2d50\" data-element_type=\"widget\" data-widget_type=\"heading.default\">\n\t\t\t\t<div class=\"elementor-widget-container\">\n\t\t\t\t\t<h2 class=\"elementor-heading-title elementor-size-default\">27-30 nov Senlis, France<\/h2>\t\t\t\t<\/div>\n\t\t\t\t<\/div>\n\t\t\t\t<div class=\"elementor-element elementor-element-undefined-97212c3 elementor-widget elementor-widget-text-editor\" data-id=\"undefined-97212c3\" data-element_type=\"widget\" data-widget_type=\"text-editor.default\">\n\t\t\t\t<div class=\"elementor-widget-container\">\n\t\t\t\t\t\t\t\t\t<p>Une exposition d\u00e9di\u00e9e aux sculptures modernes qui d\u00e9fient les limites de la cr\u00e9ativit\u00e9. Soyez t\u00e9moin d&#8217;un dialogue entre forme et texture.<\/p>\t\t\t\t\t\t\t\t<\/div>\n\t\t\t\t<\/div>\n\t\t\t\t<\/div>\n\t\t\t\t<\/div>\n\t\t\t\t<\/div>\n\t\t\t\t\t<\/div>\n\t\t\t\t<\/div>\n\t\t\t\t<\/div>\n\t\t","protected":false},"excerpt":{"rendered":"<p>Sculptures classiques Les gardiens du Seuil Les formes Ajoutez votre titre ici Les expos \u00e0 venir ! Venez d\u00e9couvrir mes derni\u00e8res cr\u00e9ations et vous immerger dans l&#8217;art et la culture de mani\u00e8re inspirante. ART CAPITAL 2026 12 au 15 f\u00e9vrier 2026 &#8211; Grand Palais, 17 av G.Eisenhower Paris 8, France Je vais exposer \u00e0 2 [&hellip;]<\/p>\n","protected":false},"author":1,"featured_media":0,"parent":0,"menu_order":0,"comment_status":"closed","ping_status":"closed","template":"","meta":{"ocean_post_layout":"","ocean_both_sidebars_style":"","ocean_both_sidebars_content_width":0,"ocean_both_sidebars_sidebars_width":0,"ocean_sidebar":"","ocean_second_sidebar":"","ocean_disable_margins":"enable","ocean_add_body_class":"","ocean_shortcode_before_top_bar":"","ocean_shortcode_after_top_bar":"","ocean_shortcode_before_header":"","ocean_shortcode_after_header":"","ocean_has_shortcode":"","ocean_shortcode_after_title":"","ocean_shortcode_before_footer_widgets":"","ocean_shortcode_after_footer_widgets":"","ocean_shortcode_before_footer_bottom":"","ocean_shortcode_after_footer_bottom":"","ocean_display_top_bar":"default","ocean_display_header":"default","ocean_header_style":"","ocean_center_header_left_menu":"","ocean_custom_header_template":"","ocean_custom_logo":0,"ocean_custom_retina_logo":0,"ocean_custom_logo_max_width":0,"ocean_custom_logo_tablet_max_width":0,"ocean_custom_logo_mobile_max_width":0,"ocean_custom_logo_max_height":0,"ocean_custom_logo_tablet_max_height":0,"ocean_custom_logo_mobile_max_height":0,"ocean_header_custom_menu":"","ocean_menu_typo_font_family":"","ocean_menu_typo_font_subset":"","ocean_menu_typo_font_size":0,"ocean_menu_typo_font_size_tablet":0,"ocean_menu_typo_font_size_mobile":0,"ocean_menu_typo_font_size_unit":"px","ocean_menu_typo_font_weight":"","ocean_menu_typo_font_weight_tablet":"","ocean_menu_typo_font_weight_mobile":"","ocean_menu_typo_transform":"","ocean_menu_typo_transform_tablet":"","ocean_menu_typo_transform_mobile":"","ocean_menu_typo_line_height":0,"ocean_menu_typo_line_height_tablet":0,"ocean_menu_typo_line_height_mobile":0,"ocean_menu_typo_line_height_unit":"","ocean_menu_typo_spacing":0,"ocean_menu_typo_spacing_tablet":0,"ocean_menu_typo_spacing_mobile":0,"ocean_menu_typo_spacing_unit":"","ocean_menu_link_color":"","ocean_menu_link_color_hover":"","ocean_menu_link_color_active":"","ocean_menu_link_background":"","ocean_menu_link_hover_background":"","ocean_menu_link_active_background":"","ocean_menu_social_links_bg":"","ocean_menu_social_hover_links_bg":"","ocean_menu_social_links_color":"","ocean_menu_social_hover_links_color":"","ocean_disable_title":"default","ocean_disable_heading":"default","ocean_post_title":"","ocean_post_subheading":"","ocean_post_title_style":"","ocean_post_title_background_color":"","ocean_post_title_background":0,"ocean_post_title_bg_image_position":"","ocean_post_title_bg_image_attachment":"","ocean_post_title_bg_image_repeat":"","ocean_post_title_bg_image_size":"","ocean_post_title_height":0,"ocean_post_title_bg_overlay":0.5,"ocean_post_title_bg_overlay_color":"","ocean_disable_breadcrumbs":"default","ocean_breadcrumbs_color":"","ocean_breadcrumbs_separator_color":"","ocean_breadcrumbs_links_color":"","ocean_breadcrumbs_links_hover_color":"","ocean_display_footer_widgets":"default","ocean_display_footer_bottom":"default","ocean_custom_footer_template":"","footnotes":""},"class_list":["post-51","page","type-page","status-publish","hentry","entry"],"_links":{"self":[{"href":"https:\/\/www.jpvong.com\/index.php\/wp-json\/wp\/v2\/pages\/51","targetHints":{"allow":["GET"]}}],"collection":[{"href":"https:\/\/www.jpvong.com\/index.php\/wp-json\/wp\/v2\/pages"}],"about":[{"href":"https:\/\/www.jpvong.com\/index.php\/wp-json\/wp\/v2\/types\/page"}],"author":[{"embeddable":true,"href":"https:\/\/www.jpvong.com\/index.php\/wp-json\/wp\/v2\/users\/1"}],"replies":[{"embeddable":true,"href":"https:\/\/www.jpvong.com\/index.php\/wp-json\/wp\/v2\/comments?post=51"}],"version-history":[{"count":27,"href":"https:\/\/www.jpvong.com\/index.php\/wp-json\/wp\/v2\/pages\/51\/revisions"}],"predecessor-version":[{"id":159,"href":"https:\/\/www.jpvong.com\/index.php\/wp-json\/wp\/v2\/pages\/51\/revisions\/159"}],"wp:attachment":[{"href":"https:\/\/www.jpvong.com\/index.php\/wp-json\/wp\/v2\/media?parent=51"}],"curies":[{"name":"wp","href":"https:\/\/api.w.org\/{rel}","templated":true}]}}